{"id":16,"date":"2025-07-22T13:23:58","date_gmt":"2025-07-22T13:23:58","guid":{"rendered":"http:\/\/orplid.immo\/?page_id=16"},"modified":"2025-12-08T09:26:11","modified_gmt":"2025-12-08T09:26:11","slug":"impressum","status":"publish","type":"page","link":"https:\/\/orplid.immo\/en\/impressum\/","title":{"rendered":"Legal notice"},"content":{"rendered":"<div data-elementor-type=\"wp-page\" data-elementor-id=\"16\" class=\"elementor elementor-16\">\n\t\t\t\t<div class=\"elementor-element elementor-element-91f36c4 startbox sectionpadding pagemargin e-flex e-con-boxed e-con e-parent\" data-id=\"91f36c4\" data-element_type=\"container\">\n\t\t\t\t\t<div class=\"e-con-inner\">\n\t\t\t\t<div class=\"elementor-element elementor-element-166ccf7 elementor-widget elementor-widget-text-editor\" data-id=\"166ccf7\" data-element_type=\"widget\" data-widget_type=\"text-editor.default\">\n\t\t\t\t\t\t\t\t\t<h2>Legal notice<\/h2><p>Angaben gem\u00e4\u00df \u00a7 5 DDG<\/p><p><strong>Orplid GmbH &amp; Co. KG<\/strong><br \/>Represented by Orplid Verwaltungs GmbH<br \/>Which in turn is represented by the managing directors Antonia and Walter Rothenfu\u00dfer<\/p><p><strong>Address:<\/strong><\/p><p>Stifterweg 6<br \/>82057 Icking<\/p><p><strong>Contact:<\/strong><\/p><p>Telephone: +49 176 6340 3122<br \/>Email: info@orplid.immo<\/p><p><strong>Commercial register<\/strong><\/p><p>Commercial register court: Amtsgericht M\u00fcnchen<br \/>Company registration number: HRA 113911<\/p><p><strong>VAT ID:<\/strong><\/p><p>VAT identification number in accordance with Section 27a of the Value Added Tax Act: 169\/171\/50404<\/p><p><strong>Responsible for content in accordance with Section 55(2) of the German Interstate Broadcasting Agreement (RStV):<\/strong><\/p><p class=\"translation-block\">Antonia Rothenfu\u00dfer and Walter Rothenfu\u00dfer<br>Stifterweg 6, 82057 Icking<\/p><p><strong>Copyright:<\/strong><\/p><p>Visualizations &amp; graphics: HHVISION<br \/>Site plan: H\u00e4ndel Junghans Architekten\u00a0<br \/>Floorplans: AHG Architekten<br \/>Stock photos: Shutterstock<\/p><p><strong>Website:\u00a0<\/strong>HHVISION<\/p>\t\t\t\t\t\t\t\t<\/div>\n\t\t\t\t\t<\/div>\n\t\t\t\t<\/div>\n\t\t\t\t<\/div>","protected":false},"excerpt":{"rendered":"<p>Impressum Angaben gem\u00e4\u00df \u00a7 5 DDG Orplid GmbH &amp; Co. KGVertreten durch die Orplid Verwaltungs GmbHDiese wiederum vertreten durch die Gesch\u00e4ftsf\u00fchrer Antonia und Walter Rothenfu\u00dfer Adresse: Stifterweg 682057 Icking Kontakt: Telefon: +49 176 6340 3122E-Mail: info@orplid.immo Handelsregister: Registergericht: Amtsgericht M\u00fcnchenRegisternummer: HRA 113911 Umsatzsteuer-ID: Umsatzsteuer-Identifikationsnummer gem\u00e4\u00df \u00a727 a Umsatzsteuergesetz: 169\/171\/50404 Verantwortlich f\u00fcr den Inhalt nach \u00a7 [&hellip;]<\/p>","protected":false},"author":1,"featured_media":0,"parent":0,"menu_order":98,"comment_status":"closed","ping_status":"closed","template":"elementor_header_footer","meta":{"footnotes":""},"categories":[],"tags":[],"class_list":["post-16","page","type-page","status-publish","hentry"],"_links":{"self":[{"href":"https:\/\/orplid.immo\/en\/wp-json\/wp\/v2\/pages\/16","targetHints":{"allow":["GET"]}}],"collection":[{"href":"https:\/\/orplid.immo\/en\/wp-json\/wp\/v2\/pages"}],"about":[{"href":"https:\/\/orplid.immo\/en\/wp-json\/wp\/v2\/types\/page"}],"author":[{"embeddable":true,"href":"https:\/\/orplid.immo\/en\/wp-json\/wp\/v2\/users\/1"}],"replies":[{"embeddable":true,"href":"https:\/\/orplid.immo\/en\/wp-json\/wp\/v2\/comments?post=16"}],"version-history":[{"count":10,"href":"https:\/\/orplid.immo\/en\/wp-json\/wp\/v2\/pages\/16\/revisions"}],"predecessor-version":[{"id":3951,"href":"https:\/\/orplid.immo\/en\/wp-json\/wp\/v2\/pages\/16\/revisions\/3951"}],"wp:attachment":[{"href":"https:\/\/orplid.immo\/en\/wp-json\/wp\/v2\/media?parent=16"}],"wp:term":[{"taxonomy":"category","embeddable":true,"href":"https:\/\/orplid.immo\/en\/wp-json\/wp\/v2\/categories?post=16"},{"taxonomy":"post_tag","embeddable":true,"href":"https:\/\/orplid.immo\/en\/wp-json\/wp\/v2\/tags?post=16"}],"curies":[{"name":"wp","href":"https:\/\/api.w.org\/{rel}","templated":true}]}}